{"id":1318,"date":"2020-03-24T11:16:09","date_gmt":"2020-03-24T11:16:09","guid":{"rendered":"https:\/\/formenbilisim.com\/?page_id=1318"},"modified":"2022-06-21T17:11:40","modified_gmt":"2022-06-21T14:11:40","slug":"home","status":"publish","type":"page","link":"https:\/\/formenbilisim.com\/index.php\/en\/home\/","title":{"rendered":"Home"},"content":{"rendered":"<p>[vc_row parallax_bg=&#8221;true&#8221; parallax=&#8221;&#8221; css=&#8221;.vc_custom_1482394050368{padding-top: 0px !important;padding-bottom: 0px !important;}&#8221;][vc_column][rev_slider_vc alias=&#8221;escon-eng-1&#8243;][\/vc_column][\/vc_row][vc_row parallax_bg=&#8221;true&#8221; css=&#8221;.vc_custom_1481793684665{padding-bottom: 50px !important;}&#8221;][vc_column offset=&#8221;vc_col-md-4&#8243;]\n\t    <div class=\"feature-box-small-icon \">\n        <div class=\"inner\">\n            <span class=\"number\">1<\/span>\n            <div class=\"text\">\n                <h3>Professional Staff<\/h3>\n                Formen Bili\u015fim makes the difference with its staff who are expert and highly-qualified at their own fields.            <\/div>\n        <\/div>\n    <\/div>\t\n    \n[vc_empty_space height=&#8221;30px&#8221;][\/vc_column][vc_column offset=&#8221;vc_col-md-4&#8243;]\n\t    <div class=\"feature-box-small-icon \">\n        <div class=\"inner\">\n            <span class=\"number\">2<\/span>\n            <div class=\"text\">\n                <h3>Strong Technical Staff<\/h3>\n                Formen Bili\u015fim gives the advantages for Quality Control & Project Management within its professional and strong backgrounded technical staff.            <\/div>\n        <\/div>\n    <\/div>\t\n    \n[vc_empty_space height=&#8221;30px&#8221;][\/vc_column][vc_column offset=&#8221;vc_col-md-4&#8243;]\n\t    <div class=\"feature-box-small-icon \">\n        <div class=\"inner\">\n            <span class=\"number\">3<\/span>\n            <div class=\"text\">\n                <h3>Lower costs<\/h3>\n                Formen Bili\u015fim saves the time and money within its professional approach.            <\/div>\n        <\/div>\n    <\/div>\t\n    \n[vc_empty_space height=&#8221;30px&#8221;][vc_empty_space height=&#8221;30px&#8221;][\/vc_column][vc_column offset=&#8221;vc_col-md-4&#8243;]\n\t    <div class=\"feature-box-small-icon \">\n        <div class=\"inner\">\n            <span class=\"number\">4<\/span>\n            <div class=\"text\">\n                <h3>Detailed Prediction<\/h3>\n                Formen Bili\u015fim makes the closest predictions for each specific projects in order to work within sustainable high efficiency.            <\/div>\n        <\/div>\n    <\/div>\t\n    \n[vc_empty_space height=&#8221;30px&#8221;][\/vc_column][vc_column offset=&#8221;vc_col-md-4&#8243;]\n\t    <div class=\"feature-box-small-icon \">\n        <div class=\"inner\">\n            <span class=\"number\">5<\/span>\n            <div class=\"text\">\n                <h3>Timely Delivery<\/h3>\n                Formen Bili\u015fim delivers each projects in dead-lines within its strong background and experiences.            <\/div>\n        <\/div>\n    <\/div>\t\n    \n[vc_empty_space height=&#8221;30px&#8221;][\/vc_column][vc_column offset=&#8221;vc_col-md-4&#8243;]\n\t    <div class=\"feature-box-small-icon \">\n        <div class=\"inner\">\n            <span class=\"number\">6<\/span>\n            <div class=\"text\">\n                <h3>Zero Complaint<\/h3>\n                Formen Bili\u015fim works with the &#8220;Zero complaint&#8221; for each projects according to its core values.            <\/div>\n        <\/div>\n    <\/div>\t\n    \n[vc_empty_space height=&#8221;30px&#8221;][\/vc_column][\/vc_row][vc_row][vc_column][vc_column_text]<\/p>\n<h2>Projects <span class=\"tiny-border\">x<\/span><\/h2>\n<p>[\/vc_column_text]\n\t\n\t<div id=\"gallery\" class=\"gallery full-gallery de-gallery pf_full_width pf_3_cols gallery_border\">\n\n                <div class=\"item  \">\n            <div class=\"picframe\">\n            \t                <a href=\"https:\/\/formenbilisim.com\/index.php\/en\/portfolio\/grande-arte-otel-eskisehir-turkiye-2\/\">\n                                    <span class=\"overlay\">\n                        <span class=\"pf_text\">\n                            <span class=\"project-name\">Grande Arte Otel &#8211; Eski\u015fehir-T\u00fcrkiye<\/span>\n                        <\/span>\n                    <\/span>\n                <\/a>\n                <img src=\"https:\/\/formenbilisim.com\/wp-content\/uploads\/2022\/06\/grande-arte-1-k.jpg\" alt=\"\" \/>\n            <\/div>\n        <\/div>\n                <div class=\"item tamamlanan-projeler \">\n            <div class=\"picframe\">\n            \t                <a href=\"https:\/\/formenbilisim.com\/index.php\/portfolio\/grande-arte-otel-eskisehir-turkiye\/\">\n                                    <span class=\"overlay\">\n                        <span class=\"pf_text\">\n                            <span class=\"project-name\">Grande Arte Otel &#8211; Eski\u015fehir-T\u00fcrkiye<\/span>\n                        <\/span>\n                    <\/span>\n                <\/a>\n                <img src=\"https:\/\/formenbilisim.com\/wp-content\/uploads\/2022\/06\/grande-arte-1-k.jpg\" alt=\"\" \/>\n            <\/div>\n        <\/div>\n                <div class=\"item  \">\n            <div class=\"picframe\">\n            \t                <a href=\"https:\/\/formenbilisim.com\/index.php\/en\/portfolio\/senna-city-otel-eskisehir-turkiye-2\/\">\n                                    <span class=\"overlay\">\n                        <span class=\"pf_text\">\n                            <span class=\"project-name\">Senna City Otel &#8211; Eski\u015fehir-T\u00fcrkiye<\/span>\n                        <\/span>\n                    <\/span>\n                <\/a>\n                <img src=\"https:\/\/formenbilisim.com\/wp-content\/uploads\/2022\/06\/Senna-City-k-1.jpg\" alt=\"\" \/>\n            <\/div>\n        <\/div>\n                <div class=\"item tamamlanan-projeler \">\n            <div class=\"picframe\">\n            \t                <a href=\"https:\/\/formenbilisim.com\/index.php\/portfolio\/senna-city-otel-eskisehir-turkiye\/\">\n                                    <span class=\"overlay\">\n                        <span class=\"pf_text\">\n                            <span class=\"project-name\">Senna City Otel &#8211; Eski\u015fehir-T\u00fcrkiye<\/span>\n                        <\/span>\n                    <\/span>\n                <\/a>\n                <img src=\"https:\/\/formenbilisim.com\/wp-content\/uploads\/2022\/06\/Senna-City-k-1.jpg\" alt=\"\" \/>\n            <\/div>\n        <\/div>\n                <div class=\"item  \">\n            <div class=\"picframe\">\n            \t                <a href=\"https:\/\/formenbilisim.com\/index.php\/en\/portfolio\/holiday-inn-beylikduzu-istanbul-turkiye\/\">\n                                    <span class=\"overlay\">\n                        <span class=\"pf_text\">\n                            <span class=\"project-name\">Holiday Inn Beylikd\u00fcz\u00fc-\u0130stanbul-T\u00fcrkiye<\/span>\n                        <\/span>\n                    <\/span>\n                <\/a>\n                <img src=\"https:\/\/formenbilisim.com\/wp-content\/uploads\/2022\/06\/holiday-inn-1-k.jpg\" alt=\"\" \/>\n            <\/div>\n        <\/div>\n                <div class=\"item tamamlanan-projeler \">\n            <div class=\"picframe\">\n            \t                <a href=\"https:\/\/formenbilisim.com\/index.php\/portfolio\/holiday-inn-otel-beylikduzu-istanbul-turkiye\/\">\n                                    <span class=\"overlay\">\n                        <span class=\"pf_text\">\n                            <span class=\"project-name\">Holiday Inn Otel Beylikd\u00fcz\u00fc-\u0130stanbul-T\u00fcrkiye<\/span>\n                        <\/span>\n                    <\/span>\n                <\/a>\n                <img src=\"https:\/\/formenbilisim.com\/wp-content\/uploads\/2022\/06\/holiday-inn-1-k.jpg\" alt=\"\" \/>\n            <\/div>\n        <\/div>\n        \n    <\/div>\n\n        <style type=\"text\/css\">\n\t    .pf_full_width.gallery_border .picframe,\n\t    .gallery_border{\n\t    \tmargin: 15px;\n\t    }\n\t    .gallery_border{\n\t    \tmargin-top: -15px;\n\t    }\n\t    .container .gallery_border{\n\t    \tmargin-left: -15px;;\n\t    \tmargin-right: -15px;;\n\t    }\n    <\/style>\n    \n[\/vc_column][\/vc_row][vc_row el_class=&#8221;bg-color text-center&#8221; css=&#8221;.vc_custom_1655820696930{padding-top: 30px !important;padding-bottom: 30px !important;}&#8221;][vc_column]\n\t<div class=\"row call-to-action \">\n\t\t<div class=\"col-md-8\">\n\t        <h3 class=\"mt10\">View all our ongoing&completed projects.<\/h3>\n\t    <\/div>\n\t    <div class=\"col-md-4 text-right\">\n\t    \t<a class=\"btn btn-line-black btn-fx\" href=\"https:\/\/formenbilisim.com\/index.php\/en\/projects\/\" target=\"_self\">All Our Projects<\/a>\t    <\/div>\n    <\/div>\n\n[\/vc_column][\/vc_row]<\/p>\n","protected":false},"excerpt":{"rendered":"<p>[vc_row parallax_bg=&#8221;true&#8221; parallax=&#8221;&#8221; css=&#8221;.vc_custom_1482394050368{padding-top: 0px !important;padding-bottom: 0px !important;}&#8221;][vc_column][rev_slider_vc alias=&#8221;escon-eng-1&#8243;][\/vc_column][\/vc_row][vc_row parallax_bg=&#8221;true&#8221; css=&#8221;.vc_custom_1481793684665{padding-bottom: 50px !important;}&#8221;][vc_column offset=&#8221;vc_col-md-4&#8243;][vc_empty_space height=&#8221;30px&#8221;][\/vc_column][vc_column offset=&#8221;vc_col-md-4&#8243;][vc_empty_space height=&#8221;30px&#8221;][\/vc_column][vc_column offset=&#8221;vc_col-md-4&#8243;][vc_empty_space height=&#8221;30px&#8221;][vc_empty_space height=&#8221;30px&#8221;][\/vc_column][vc_column offset=&#8221;vc_col-md-4&#8243;][vc_empty_space height=&#8221;30px&#8221;][\/vc_column][vc_column offset=&#8221;vc_col-md-4&#8243;][vc_empty_space height=&#8221;30px&#8221;][\/vc_column][vc_column offset=&#8221;vc_col-md-4&#8243;][vc_empty_space height=&#8221;30px&#8221;][\/vc_column][\/vc_row][vc_row][vc_column][vc_column_text] Projects x [\/vc_column_text][\/vc_column][\/vc_row][vc_row el_class=&#8221;bg-color text-center&#8221; css=&#8221;.vc_custom_1655820696930{padding-top: 30px !important;padding-bottom: 30px !important;}&#8221;][vc_column][\/vc_column][\/vc_row]<\/p>\n","protected":false},"author":1,"featured_media":0,"parent":0,"menu_order":0,"comment_status":"closed","ping_status":"closed","template":"page-templates\/template-canvas.php","meta":[],"_links":{"self":[{"href":"https:\/\/formenbilisim.com\/index.php\/wp-json\/wp\/v2\/pages\/1318"}],"collection":[{"href":"https:\/\/formenbilisim.com\/index.php\/wp-json\/wp\/v2\/pages"}],"about":[{"href":"https:\/\/formenbilisim.com\/index.php\/wp-json\/wp\/v2\/types\/page"}],"author":[{"embeddable":true,"href":"https:\/\/formenbilisim.com\/index.php\/wp-json\/wp\/v2\/users\/1"}],"replies":[{"embeddable":true,"href":"https:\/\/formenbilisim.com\/index.php\/wp-json\/wp\/v2\/comments?post=1318"}],"version-history":[{"count":11,"href":"https:\/\/formenbilisim.com\/index.php\/wp-json\/wp\/v2\/pages\/1318\/revisions"}],"predecessor-version":[{"id":1489,"href":"https:\/\/formenbilisim.com\/index.php\/wp-json\/wp\/v2\/pages\/1318\/revisions\/1489"}],"wp:attachment":[{"href":"https:\/\/formenbilisim.com\/index.php\/wp-json\/wp\/v2\/media?parent=1318"}],"curies":[{"name":"wp","href":"https:\/\/api.w.org\/{rel}","templated":true}]}}