{"id":1327,"date":"2020-03-24T11:53:31","date_gmt":"2020-03-24T11:53:31","guid":{"rendered":"https:\/\/formenbilisim.com\/?page_id=1327"},"modified":"2020-03-25T20:52:18","modified_gmt":"2020-03-25T20:52:18","slug":"naslovna-strana","status":"publish","type":"page","link":"https:\/\/formenbilisim.com\/index.php\/sp\/naslovna-strana\/","title":{"rendered":"Naslovna Strana"},"content":{"rendered":"<p>[vc_row parallax_bg=&#8221;true&#8221; parallax=&#8221;&#8221; css=&#8221;.vc_custom_1482394050368{padding-top: 0px !important;padding-bottom: 0px !important;}&#8221;][vc_column][rev_slider_vc alias=&#8221;home-5&#8243;][\/vc_column][\/vc_row][vc_row parallax_bg=&#8221;true&#8221; css=&#8221;.vc_custom_1481793684665{padding-bottom: 50px !important;}&#8221;][vc_column offset=&#8221;vc_col-md-4&#8243;]\n\t    <div class=\"feature-box-small-icon \">\n        <div class=\"inner\">\n            <span class=\"number\">1<\/span>\n            <div class=\"text\">\n                <h3>Profesionalno osoblje<\/h3>\n                Escon pravi razliku u produkciji i kvalitetu izvo\u0111enja radova zahvaljuju\u0107i svojim stru\u010dnim timovima koji su visoko-kvalifikovani, svako u svom podru\u010dju rada            <\/div>\n        <\/div>\n    <\/div>\t\n    \n[vc_empty_space height=&#8221;30px&#8221;][\/vc_column][vc_column offset=&#8221;vc_col-md-4&#8243;]\n\t    <div class=\"feature-box-small-icon \">\n        <div class=\"inner\">\n            <span class=\"number\">2<\/span>\n            <div class=\"text\">\n                <h3>Profesionalno tehni\u010dko osoblje<\/h3>\n                Escon je prepoznatljiv po kontroli kvalitete i upravljanja projektima sa svojim kvalifikovanim stru\u010dnim osobljem.            <\/div>\n        <\/div>\n    <\/div>\t\n    \n[vc_empty_space height=&#8221;30px&#8221;][\/vc_column][vc_column offset=&#8221;vc_col-md-4&#8243;]\n\t    <div class=\"feature-box-small-icon \">\n        <div class=\"inner\">\n            <span class=\"number\">3<\/span>\n            <div class=\"text\">\n                <h3>Ni\u017ei tro\u0161kovi<\/h3>\n                Escon \u0161tedi vreme i novac svojim profesionalnim pristupom.            <\/div>\n        <\/div>\n    <\/div>\t\n    \n[vc_empty_space height=&#8221;30px&#8221;][vc_empty_space height=&#8221;30px&#8221;][vc_empty_space height=&#8221;30px&#8221;][\/vc_column][vc_column offset=&#8221;vc_col-md-4&#8243;]\n\t    <div class=\"feature-box-small-icon \">\n        <div class=\"inner\">\n            <span class=\"number\">4<\/span>\n            <div class=\"text\">\n                <h3>Detaljna procena izvo\u0111enja radova<\/h3>\n                Escon daje realnu procenu za svako poslovno planiranje u cilju postizanja visoke efikasnosti.            <\/div>\n        <\/div>\n    <\/div>\t\n    \n[vc_empty_space height=&#8221;30px&#8221;][\/vc_column][vc_column offset=&#8221;vc_col-md-4&#8243;]\n\t    <div class=\"feature-box-small-icon \">\n        <div class=\"inner\">\n            <span class=\"number\">5<\/span>\n            <div class=\"text\">\n                <h3>Po\u0161tovanje rokova<\/h3>\n                Escon predaje investitoru svaki projekat u predvi\u0111enom vremenskom roku oslanjaju\u0107i se na jaku infrastrukturu i iskustvo.            <\/div>\n        <\/div>\n    <\/div>\t\n    \n[vc_empty_space height=&#8221;30px&#8221;][\/vc_column][vc_column offset=&#8221;vc_col-md-4&#8243;]\n\t    <div class=\"feature-box-small-icon \">\n        <div class=\"inner\">\n            <span class=\"number\">6<\/span>\n            <div class=\"text\">\n                <h3>Nula pritu\u017ebi<\/h3>\n                Escon se vodi principom <strong>&#8220;Nula pritu\u017ebi&#8221;<\/strong> u skladu sa usvojenim osnovnim vrednostima rada.            <\/div>\n        <\/div>\n    <\/div>\t\n    \n[vc_empty_space height=&#8221;30px&#8221;][\/vc_column][\/vc_row][vc_row parallax_bg=&#8221;true&#8221; css=&#8221;.vc_custom_1580949211793{background-image: url(https:\/\/formenbilisim.com\/wp-content\/uploads\/2020\/02\/Escon-is-akisi-backgr.jpg?id=1208) !important;}&#8221;][vc_column][vc_column_text css=&#8221;.vc_custom_1585051243917{margin-bottom: 30px !important;}&#8221;]<\/p>\n<h2><span style=\"color: #ffffff;\">Proces Rada <span class=\"tiny-border\">x<\/span><\/span><\/h2>\n<p>[\/vc_column_text]\n\t<div class=\"de_tab tab_steps  style-2\">\n\n        <ul class=\"de_nav\">\n        \t            <li class=\"active\">\n            \t<span>Priprema projekta<\/span><div class=\"v-border\"><\/div>\n            <\/li>\n                        <li class=\"\">\n            \t<span>Predplaniranje<\/span><div class=\"v-border\"><\/div>\n            <\/li>\n                        <li class=\"\">\n            \t<span>Izvo\u0111enje radova<\/span><div class=\"v-border\"><\/div>\n            <\/li>\n                        <li class=\"\">\n            \t<span>Aktivna kontrola gradili\u0161ta<\/span><div class=\"v-border\"><\/div>\n            <\/li>\n                        <li class=\"\">\n            \t<span>Zavr\u0161etak radova<\/span><div class=\"v-border\"><\/div>\n            <\/li>\n                    <\/ul>\n\n        <div class=\"de_tab_content text-light\">\n        \t            <div id=\"tab1\">\n                Izrada  studije izvodljivosti.            <\/div>\n                        <div id=\"tab2\">\n                Planiranje i pripremanje radne snage i opreme kao i dinamike rada u cilju zavr\u0161etka radova u roku koji je investitor odredio.            <\/div>\n                        <div id=\"tab3\">\n                Izvo\u0111enje radova prema projektnoj dokumentaciji.            <\/div>\n                        <div id=\"tab4\">\n                Svakodnevna kontrola kvaliteta rada i a\u017euriranje dinamike  rada procenom dinami\u010dkih varijabli tokom radnog procesa.            <\/div>\n                        <div id=\"tab5\">\n                Predaja objekta naru\u010diocu.            <\/div>\n                    <\/div>\n\n    <\/div>\n\n[\/vc_column][\/vc_row][vc_row][vc_column][vc_column_text]<\/p>\n<h2>Projekti <span class=\"tiny-border\">x<\/span><\/h2>\n<p>[\/vc_column_text]\n\t\n\t<div id=\"gallery\" class=\"gallery full-gallery de-gallery pf_full_width pf_3_cols gallery_border\">\n\n                <div class=\"item  \">\n            <div class=\"picframe\">\n            \t                <a href=\"https:\/\/formenbilisim.com\/index.php\/en\/portfolio\/grande-arte-otel-eskisehir-turkiye-2\/\">\n                                    <span class=\"overlay\">\n                        <span class=\"pf_text\">\n                            <span class=\"project-name\">Grande Arte Otel &#8211; Eski\u015fehir-T\u00fcrkiye<\/span>\n                        <\/span>\n                    <\/span>\n                <\/a>\n                <img src=\"https:\/\/formenbilisim.com\/wp-content\/uploads\/2022\/06\/grande-arte-1-k.jpg\" alt=\"\" \/>\n            <\/div>\n        <\/div>\n                <div class=\"item tamamlanan-projeler \">\n            <div class=\"picframe\">\n            \t                <a href=\"https:\/\/formenbilisim.com\/index.php\/portfolio\/grande-arte-otel-eskisehir-turkiye\/\">\n                                    <span class=\"overlay\">\n                        <span class=\"pf_text\">\n                            <span class=\"project-name\">Grande Arte Otel &#8211; Eski\u015fehir-T\u00fcrkiye<\/span>\n                        <\/span>\n                    <\/span>\n                <\/a>\n                <img src=\"https:\/\/formenbilisim.com\/wp-content\/uploads\/2022\/06\/grande-arte-1-k.jpg\" alt=\"\" \/>\n            <\/div>\n        <\/div>\n                <div class=\"item  \">\n            <div class=\"picframe\">\n            \t                <a href=\"https:\/\/formenbilisim.com\/index.php\/en\/portfolio\/senna-city-otel-eskisehir-turkiye-2\/\">\n                                    <span class=\"overlay\">\n                        <span class=\"pf_text\">\n                            <span class=\"project-name\">Senna City Otel &#8211; Eski\u015fehir-T\u00fcrkiye<\/span>\n                        <\/span>\n                    <\/span>\n                <\/a>\n                <img src=\"https:\/\/formenbilisim.com\/wp-content\/uploads\/2022\/06\/Senna-City-k-1.jpg\" alt=\"\" \/>\n            <\/div>\n        <\/div>\n                <div class=\"item tamamlanan-projeler \">\n            <div class=\"picframe\">\n            \t                <a href=\"https:\/\/formenbilisim.com\/index.php\/portfolio\/senna-city-otel-eskisehir-turkiye\/\">\n                                    <span class=\"overlay\">\n                        <span class=\"pf_text\">\n                            <span class=\"project-name\">Senna City Otel &#8211; Eski\u015fehir-T\u00fcrkiye<\/span>\n                        <\/span>\n                    <\/span>\n                <\/a>\n                <img src=\"https:\/\/formenbilisim.com\/wp-content\/uploads\/2022\/06\/Senna-City-k-1.jpg\" alt=\"\" \/>\n            <\/div>\n        <\/div>\n                <div class=\"item  \">\n            <div class=\"picframe\">\n            \t                <a href=\"https:\/\/formenbilisim.com\/index.php\/en\/portfolio\/holiday-inn-beylikduzu-istanbul-turkiye\/\">\n                                    <span class=\"overlay\">\n                        <span class=\"pf_text\">\n                            <span class=\"project-name\">Holiday Inn Beylikd\u00fcz\u00fc-\u0130stanbul-T\u00fcrkiye<\/span>\n                        <\/span>\n                    <\/span>\n                <\/a>\n                <img src=\"https:\/\/formenbilisim.com\/wp-content\/uploads\/2022\/06\/holiday-inn-1-k.jpg\" alt=\"\" \/>\n            <\/div>\n        <\/div>\n                <div class=\"item tamamlanan-projeler \">\n            <div class=\"picframe\">\n            \t                <a href=\"https:\/\/formenbilisim.com\/index.php\/portfolio\/holiday-inn-otel-beylikduzu-istanbul-turkiye\/\">\n                                    <span class=\"overlay\">\n                        <span class=\"pf_text\">\n                            <span class=\"project-name\">Holiday Inn Otel Beylikd\u00fcz\u00fc-\u0130stanbul-T\u00fcrkiye<\/span>\n                        <\/span>\n                    <\/span>\n                <\/a>\n                <img src=\"https:\/\/formenbilisim.com\/wp-content\/uploads\/2022\/06\/holiday-inn-1-k.jpg\" alt=\"\" \/>\n            <\/div>\n        <\/div>\n        \n    <\/div>\n\n        <style type=\"text\/css\">\n\t    .pf_full_width.gallery_border .picframe,\n\t    .gallery_border{\n\t    \tmargin: 15px;\n\t    }\n\t    .gallery_border{\n\t    \tmargin-top: -15px;\n\t    }\n\t    .container .gallery_border{\n\t    \tmargin-left: -15px;;\n\t    \tmargin-right: -15px;;\n\t    }\n    <\/style>\n    \n[\/vc_column][\/vc_row][vc_row el_class=&#8221;bg-color text-center&#8221; css=&#8221;.vc_custom_1580948932864{padding-top: 60px !important;padding-bottom: 30px !important;}&#8221;][vc_column]\n\t<div class=\"row call-to-action \">\n\t\t<div class=\"col-md-8\">\n\t        <h3 class=\"mt10\">Pogledajte sve na\u0161e trenutne i zavr\u0161ene projekte<\/h3>\n\t    <\/div>\n\t    <div class=\"col-md-4 text-right\">\n\t    \t<a class=\"btn btn-line-black btn-fx\" href=\"https:\/\/formenbilisim.com\/index.php\/sp\/projekti\/\" target=\"_self\">Svi na\u0161i projekti<\/a>\t    <\/div>\n    <\/div>\n\n[\/vc_column][\/vc_row][vc_row equal_height=&#8221;yes&#8221; content_placement=&#8221;middle&#8221; parallax_bg=&#8221;true&#8221; css=&#8221;.vc_custom_1580949438545{background-image: url(https:\/\/formenbilisim.com\/wp-content\/uploads\/2020\/02\/Escon-sifir-sikayet-backgro.jpg?id=1212) !important;}&#8221;][vc_column offset=&#8221;vc_col-md-6&#8243; el_class=&#8221;text-light&#8221;][vc_column_text css=&#8221;.vc_custom_1585051446851{margin-bottom: 10px !important;}&#8221;]<\/p>\n<h2>Ponosni smo \u0161to imamo reputaciju kompanije sa <span class=\"id-color\">&#8220;Nula pritu\u017ebi&#8221;<\/span> <span class=\"tiny-border\">x<\/span><\/h2>\n<p>[\/vc_column_text][vc_row_inner el_class=&#8221;more-20&#8243;][vc_column_inner width=&#8221;1\/2&#8243;]\n\t<figure class=\"pic-hover hover-scale\">\n        <span class=\"center-xy\">\n        \t            <a class=\"image-popup\" href=\"\">\n                <i class=\"fa fa-image btn-action btn-action-hide\"><\/i>\n            <\/a>\n                    <\/span>\n        <span class=\"bg-overlay\"><\/span>        <img src=\"\" class=\"img-responsive\" alt=\"\">\n    <\/figure>\n\n    <h3 class=\"\">Na\u0161a vizija<\/h3>\n    <p>\n        Jedna smo od najinovativnijih kompanija u Turskoj i Evropi sa pouzdanom i visokokvalitetnom produkcijom.\t<br>\n\t\t<a class=\"read_more mt10\" href=\"#\" target=\"_self\">Escon Ltd.\u015eti <i class=\"fa fa-chevron-right id-color\"><\/i><\/a>    <\/p>\n    \t\n[\/vc_column_inner][vc_column_inner width=&#8221;1\/2&#8243;]\n\t<figure class=\"pic-hover hover-scale\">\n        <span class=\"center-xy\">\n        \t            <a class=\"image-popup\" href=\"\">\n                <i class=\"fa fa-image btn-action btn-action-hide\"><\/i>\n            <\/a>\n                    <\/span>\n        <span class=\"bg-overlay\"><\/span>        <img src=\"\" class=\"img-responsive\" alt=\"\">\n    <\/figure>\n\n    <h3 class=\"\">Na\u0161a misija<\/h3>\n    <p>\n        Predaja objekta naru\u010diocu po\u0161tuju\u0107i predvi\u0111enu dinamiku.\t<br>\n\t\t<a class=\"read_more mt10\" href=\"#\" target=\"_self\">Escon Ltd.\u015eti. <i class=\"fa fa-chevron-right id-color\"><\/i><\/a>    <\/p>\n    \t\n[\/vc_column_inner][\/vc_row_inner][\/vc_column][vc_column offset=&#8221;vc_col-md-6&#8243;]\t<figure class=\"pic-hover hover-scale\">\n        <span class=\"center-xy\">\n            <a class=\"popup-vimeo\" href=\"https:\/\/vimeo.com\/389717575\">\n                <i class=\"fa fa-play btn-play btn-action \"><\/i>\n            <\/a>\n        <\/span>\n        <span class=\"bg-overlay\"><\/span>\n        <img src=\"https:\/\/formenbilisim.com\/wp-content\/uploads\/2016\/12\/Escon-BW-Galerija-Proje-Foto-4.jpg\" class=\"img-responsive\" alt=\"\">\n    <\/figure>\n\n[\/vc_column][\/vc_row]<\/p>\n","protected":false},"excerpt":{"rendered":"<p>[vc_row parallax_bg=&#8221;true&#8221; parallax=&#8221;&#8221; css=&#8221;.vc_custom_1482394050368{padding-top: 0px !important;padding-bottom: 0px !important;}&#8221;][vc_column][rev_slider_vc alias=&#8221;home-5&#8243;][\/vc_column][\/vc_row][vc_row parallax_bg=&#8221;true&#8221; css=&#8221;.vc_custom_1481793684665{padding-bottom: 50px !important;}&#8221;][vc_column offset=&#8221;vc_col-md-4&#8243;][vc_empty_space height=&#8221;30px&#8221;][\/vc_column][vc_column offset=&#8221;vc_col-md-4&#8243;][vc_empty_space height=&#8221;30px&#8221;][\/vc_column][vc_column offset=&#8221;vc_col-md-4&#8243;][vc_empty_space height=&#8221;30px&#8221;][vc_empty_space height=&#8221;30px&#8221;][vc_empty_space height=&#8221;30px&#8221;][\/vc_column][vc_column offset=&#8221;vc_col-md-4&#8243;][vc_empty_space height=&#8221;30px&#8221;][\/vc_column][vc_column offset=&#8221;vc_col-md-4&#8243;][vc_empty_space height=&#8221;30px&#8221;][\/vc_column][vc_column offset=&#8221;vc_col-md-4&#8243;][vc_empty_space height=&#8221;30px&#8221;][\/vc_column][\/vc_row][vc_row parallax_bg=&#8221;true&#8221; css=&#8221;.vc_custom_1580949211793{background-image: url(https:\/\/formenbilisim.com\/wp-content\/uploads\/2020\/02\/Escon-is-akisi-backgr.jpg?id=1208) !important;}&#8221;][vc_column][vc_column_text css=&#8221;.vc_custom_1585051243917{margin-bottom: 30px !important;}&#8221;] Proces Rada x [\/vc_column_text][\/vc_column][\/vc_row][vc_row][vc_column][vc_column_text] Projekti x [\/vc_column_text][\/vc_column][\/vc_row][vc_row el_class=&#8221;bg-color text-center&#8221; css=&#8221;.vc_custom_1580948932864{padding-top: 60px !important;padding-bottom: 30px !important;}&#8221;][vc_column][\/vc_column][\/vc_row][vc_row equal_height=&#8221;yes&#8221; content_placement=&#8221;middle&#8221; parallax_bg=&#8221;true&#8221; css=&#8221;.vc_custom_1580949438545{background-image: url(https:\/\/formenbilisim.com\/wp-content\/uploads\/2020\/02\/Escon-sifir-sikayet-backgro.jpg?id=1212) !important;}&#8221;][vc_column offset=&#8221;vc_col-md-6&#8243; [&hellip;]<\/p>\n","protected":false},"author":1,"featured_media":0,"parent":0,"menu_order":0,"comment_status":"closed","ping_status":"closed","template":"page-templates\/template-canvas.php","meta":[],"_links":{"self":[{"href":"https:\/\/formenbilisim.com\/index.php\/wp-json\/wp\/v2\/pages\/1327"}],"collection":[{"href":"https:\/\/formenbilisim.com\/index.php\/wp-json\/wp\/v2\/pages"}],"about":[{"href":"https:\/\/formenbilisim.com\/index.php\/wp-json\/wp\/v2\/types\/page"}],"author":[{"embeddable":true,"href":"https:\/\/formenbilisim.com\/index.php\/wp-json\/wp\/v2\/users\/1"}],"replies":[{"embeddable":true,"href":"https:\/\/formenbilisim.com\/index.php\/wp-json\/wp\/v2\/comments?post=1327"}],"version-history":[{"count":7,"href":"https:\/\/formenbilisim.com\/index.php\/wp-json\/wp\/v2\/pages\/1327\/revisions"}],"predecessor-version":[{"id":1389,"href":"https:\/\/formenbilisim.com\/index.php\/wp-json\/wp\/v2\/pages\/1327\/revisions\/1389"}],"wp:attachment":[{"href":"https:\/\/formenbilisim.com\/index.php\/wp-json\/wp\/v2\/media?parent=1327"}],"curies":[{"name":"wp","href":"https:\/\/api.w.org\/{rel}","templated":true}]}}