{"id":1353,"date":"2020-03-24T21:43:08","date_gmt":"2020-03-24T21:43:08","guid":{"rendered":"https:\/\/formenbilisim.com\/?page_id=1353"},"modified":"2020-03-25T20:51:11","modified_gmt":"2020-03-25T20:51:11","slug":"projects","status":"publish","type":"page","link":"https:\/\/formenbilisim.com\/index.php\/en\/projects\/","title":{"rendered":"Projects"},"content":{"rendered":"<p>[vc_row fullwidth=&#8221;yes&#8221; css=&#8221;.vc_custom_1480995613641{padding-top: 0px !important;padding-bottom: 0px !important;}&#8221;][vc_column]\n\t\t<div class=\"container project-filter\">\n\n        <!-- portfolio filter begin -->\n        <div class=\"row\">\n        \t            <div class=\"col-md-12\">\n                <ul id=\"filters\">\n                \t\t\t\t      \t<li><a href=\"#\" data-filter=\".completed-projects\">Completed projects<\/a><\/li>\n\t\t\t    \t\t\t\t      \t<li><a href=\"#\" data-filter=\".devam-eden-projeler\">Devam Eden Projeler<\/a><\/li>\n\t\t\t    \t\t\t\t      \t<li><a href=\"#\" data-filter=\".ongoing-projects\">Ongoing projects<\/a><\/li>\n\t\t\t    \t\t\t\t      \t<li><a href=\"#\" data-filter=\".projekti-u-toku\">Projekti u toku<\/a><\/li>\n\t\t\t    \t\t\t\t      \t<li><a href=\"#\" data-filter=\".tamamlanan-projeler\">Tamamlanan Projeler<\/a><\/li>\n\t\t\t    \t\t\t\t      \t<li><a href=\"#\" data-filter=\".zavrseni-projekti\">Zavr\u0161eni projekti<\/a><\/li>\n\t\t\t    \t                    <li class=\"pull-right\"><a href=\"#\" data-filter=\"*\" class=\"selected\">All Projects<\/a><\/li>\n                <\/ul>\n            <\/div>\n                    <\/div>\n        <!-- portfolio filter close -->\n\n    <\/div>\n    \n\t<div id=\"gallery\" class=\"gallery full-gallery de-gallery pf_full_width pf_4_cols gallery_border\">\n\n                <div class=\"item  \">\n            <div class=\"picframe\">\n            \t                <a href=\"https:\/\/formenbilisim.com\/index.php\/en\/portfolio\/grande-arte-otel-eskisehir-turkiye-2\/\">\n                                    <span class=\"overlay\">\n                        <span class=\"pf_text\">\n                            <span class=\"project-name\">Grande Arte Otel &#8211; Eski\u015fehir-T\u00fcrkiye<\/span>\n                        <\/span>\n                    <\/span>\n                <\/a>\n                <img src=\"https:\/\/formenbilisim.com\/wp-content\/uploads\/2022\/06\/grande-arte-1-k.jpg\" alt=\"\" \/>\n            <\/div>\n        <\/div>\n                <div class=\"item tamamlanan-projeler \">\n            <div class=\"picframe\">\n            \t                <a href=\"https:\/\/formenbilisim.com\/index.php\/portfolio\/grande-arte-otel-eskisehir-turkiye\/\">\n                                    <span class=\"overlay\">\n                        <span class=\"pf_text\">\n                            <span class=\"project-name\">Grande Arte Otel &#8211; Eski\u015fehir-T\u00fcrkiye<\/span>\n                        <\/span>\n                    <\/span>\n                <\/a>\n                <img src=\"https:\/\/formenbilisim.com\/wp-content\/uploads\/2022\/06\/grande-arte-1-k.jpg\" alt=\"\" \/>\n            <\/div>\n        <\/div>\n                <div class=\"item  \">\n            <div class=\"picframe\">\n            \t                <a href=\"https:\/\/formenbilisim.com\/index.php\/en\/portfolio\/senna-city-otel-eskisehir-turkiye-2\/\">\n                                    <span class=\"overlay\">\n                        <span class=\"pf_text\">\n                            <span class=\"project-name\">Senna City Otel &#8211; Eski\u015fehir-T\u00fcrkiye<\/span>\n                        <\/span>\n                    <\/span>\n                <\/a>\n                <img src=\"https:\/\/formenbilisim.com\/wp-content\/uploads\/2022\/06\/Senna-City-k-1.jpg\" alt=\"\" \/>\n            <\/div>\n        <\/div>\n                <div class=\"item tamamlanan-projeler \">\n            <div class=\"picframe\">\n            \t                <a href=\"https:\/\/formenbilisim.com\/index.php\/portfolio\/senna-city-otel-eskisehir-turkiye\/\">\n                                    <span class=\"overlay\">\n                        <span class=\"pf_text\">\n                            <span class=\"project-name\">Senna City Otel &#8211; Eski\u015fehir-T\u00fcrkiye<\/span>\n                        <\/span>\n                    <\/span>\n                <\/a>\n                <img src=\"https:\/\/formenbilisim.com\/wp-content\/uploads\/2022\/06\/Senna-City-k-1.jpg\" alt=\"\" \/>\n            <\/div>\n        <\/div>\n                <div class=\"item  \">\n            <div class=\"picframe\">\n            \t                <a href=\"https:\/\/formenbilisim.com\/index.php\/en\/portfolio\/holiday-inn-beylikduzu-istanbul-turkiye\/\">\n                                    <span class=\"overlay\">\n                        <span class=\"pf_text\">\n                            <span class=\"project-name\">Holiday Inn Beylikd\u00fcz\u00fc-\u0130stanbul-T\u00fcrkiye<\/span>\n                        <\/span>\n                    <\/span>\n                <\/a>\n                <img src=\"https:\/\/formenbilisim.com\/wp-content\/uploads\/2022\/06\/holiday-inn-1-k.jpg\" alt=\"\" \/>\n            <\/div>\n        <\/div>\n                <div class=\"item tamamlanan-projeler \">\n            <div class=\"picframe\">\n            \t                <a href=\"https:\/\/formenbilisim.com\/index.php\/portfolio\/holiday-inn-otel-beylikduzu-istanbul-turkiye\/\">\n                                    <span class=\"overlay\">\n                        <span class=\"pf_text\">\n                            <span class=\"project-name\">Holiday Inn Otel Beylikd\u00fcz\u00fc-\u0130stanbul-T\u00fcrkiye<\/span>\n                        <\/span>\n                    <\/span>\n                <\/a>\n                <img src=\"https:\/\/formenbilisim.com\/wp-content\/uploads\/2022\/06\/holiday-inn-1-k.jpg\" alt=\"\" \/>\n            <\/div>\n        <\/div>\n                <div class=\"item  \">\n            <div class=\"picframe\">\n            \t                <a href=\"https:\/\/formenbilisim.com\/index.php\/en\/portfolio\/arus-otel-eskisehir-turkiye-eng\/\">\n                                    <span class=\"overlay\">\n                        <span class=\"pf_text\">\n                            <span class=\"project-name\">ARUS Otel Eski\u015fehir-T\u00fcrkiye<\/span>\n                        <\/span>\n                    <\/span>\n                <\/a>\n                <img src=\"https:\/\/formenbilisim.com\/wp-content\/uploads\/2022\/06\/Arus-Otek-1-k.jpg\" alt=\"\" \/>\n            <\/div>\n        <\/div>\n                <div class=\"item tamamlanan-projeler \">\n            <div class=\"picframe\">\n            \t                <a href=\"https:\/\/formenbilisim.com\/index.php\/portfolio\/arus-otel-eskisehir-turkiye\/\">\n                                    <span class=\"overlay\">\n                        <span class=\"pf_text\">\n                            <span class=\"project-name\">ARUS Otel Eski\u015fehir-T\u00fcrkiye<\/span>\n                        <\/span>\n                    <\/span>\n                <\/a>\n                <img src=\"https:\/\/formenbilisim.com\/wp-content\/uploads\/2022\/06\/Arus-Otek-1-k.jpg\" alt=\"\" \/>\n            <\/div>\n        <\/div>\n                <div class=\"item  \">\n            <div class=\"picframe\">\n            \t                <a href=\"https:\/\/formenbilisim.com\/index.php\/en\/portfolio\/hilla-400-eng\/\">\n                                    <span class=\"overlay\">\n                        <span class=\"pf_text\">\n                            <span class=\"project-name\">Hilla 400 Bed Training and Research Hospital (IRAQ)<\/span>\n                        <\/span>\n                    <\/span>\n                <\/a>\n                <img src=\"https:\/\/formenbilisim.com\/wp-content\/uploads\/2022\/06\/Hilla-400-1-k.jpg\" alt=\"\" \/>\n            <\/div>\n        <\/div>\n                <div class=\"item tamamlanan-projeler \">\n            <div class=\"picframe\">\n            \t                <a href=\"https:\/\/formenbilisim.com\/index.php\/portfolio\/hilla-400\/\">\n                                    <span class=\"overlay\">\n                        <span class=\"pf_text\">\n                            <span class=\"project-name\">Hilla 400 Yatakl\u0131 E\u011fitim Ve Ara\u015ft\u0131rma Hastanesi (IRAK )<\/span>\n                        <\/span>\n                    <\/span>\n                <\/a>\n                <img src=\"https:\/\/formenbilisim.com\/wp-content\/uploads\/2022\/06\/Hilla-400-1-k.jpg\" alt=\"\" \/>\n            <\/div>\n        <\/div>\n                <div class=\"item zavrseni-projekti \">\n            <div class=\"picframe\">\n            \t                <a href=\"https:\/\/formenbilisim.com\/index.php\/sp\/portfolio\/bw-kula-kula-beograd-serb\/\">\n                                    <span class=\"overlay\">\n                        <span class=\"pf_text\">\n                            <span class=\"project-name\">BW Kula ( Kula Beograd )<\/span>\n                        <\/span>\n                    <\/span>\n                <\/a>\n                <img src=\"https:\/\/formenbilisim.com\/wp-content\/uploads\/2020\/09\/BW-Kula-Kula-Beograd-Kapak-1.jpg\" alt=\"\" \/>\n            <\/div>\n        <\/div>\n                <div class=\"item completed-projects \">\n            <div class=\"picframe\">\n            \t                <a href=\"https:\/\/formenbilisim.com\/index.php\/en\/portfolio\/bw-kula-kula-beograd-en\/\">\n                                    <span class=\"overlay\">\n                        <span class=\"pf_text\">\n                            <span class=\"project-name\">BW Kula ( Kula Beograd )<\/span>\n                        <\/span>\n                    <\/span>\n                <\/a>\n                <img src=\"https:\/\/formenbilisim.com\/wp-content\/uploads\/2020\/09\/BW-Kula-Kula-Beograd-Kapak-1.jpg\" alt=\"\" \/>\n            <\/div>\n        <\/div>\n        \n    <\/div>\n\n        <style type=\"text\/css\">\n\t    .pf_full_width.gallery_border .picframe,\n\t    .gallery_border{\n\t    \tmargin: 5px;\n\t    }\n\t    .gallery_border{\n\t    \tmargin-top: -5px;\n\t    }\n\t    .container .gallery_border{\n\t    \tmargin-left: -5px;;\n\t    \tmargin-right: -5px;;\n\t    }\n    <\/style>\n    \n[\/vc_column][\/vc_row][vc_row line=&#8221;&#8221; el_class=&#8221;bg-color&#8221; css=&#8221;.vc_custom_1480995929579{padding-top: 20px !important;padding-bottom: 20px !important;}&#8221;][vc_column]\n\t<div class=\"row call-to-action \">\n\t\t<div class=\"col-md-8\">\n\t        <h3 class=\"mt10\">Are you looking for the right partner for your next construction project?<\/h3>\n\t    <\/div>\n\t    <div class=\"col-md-4 text-right\">\n\t    \t<a class=\"btn btn-line-black btn-fx\" href=\"https:\/\/formenbilisim.com\/index.php\/en\/contact\/\" target=\"_self\">Contact Us<\/a>\t    <\/div>\n    <\/div>\n\n[\/vc_column][\/vc_row]<\/p>\n","protected":false},"excerpt":{"rendered":"<p>[vc_row fullwidth=&#8221;yes&#8221; css=&#8221;.vc_custom_1480995613641{padding-top: 0px !important;padding-bottom: 0px !important;}&#8221;][vc_column][\/vc_column][\/vc_row][vc_row line=&#8221;&#8221; el_class=&#8221;bg-color&#8221; css=&#8221;.vc_custom_1480995929579{padding-top: 20px !important;padding-bottom: 20px !important;}&#8221;][vc_column][\/vc_column][\/vc_row]<\/p>\n","protected":false},"author":1,"featured_media":0,"parent":0,"menu_order":0,"comment_status":"closed","ping_status":"closed","template":"page-templates\/template-fullwidth.php","meta":[],"_links":{"self":[{"href":"https:\/\/formenbilisim.com\/index.php\/wp-json\/wp\/v2\/pages\/1353"}],"collection":[{"href":"https:\/\/formenbilisim.com\/index.php\/wp-json\/wp\/v2\/pages"}],"about":[{"href":"https:\/\/formenbilisim.com\/index.php\/wp-json\/wp\/v2\/types\/page"}],"author":[{"embeddable":true,"href":"https:\/\/formenbilisim.com\/index.php\/wp-json\/wp\/v2\/users\/1"}],"replies":[{"embeddable":true,"href":"https:\/\/formenbilisim.com\/index.php\/wp-json\/wp\/v2\/comments?post=1353"}],"version-history":[{"count":3,"href":"https:\/\/formenbilisim.com\/index.php\/wp-json\/wp\/v2\/pages\/1353\/revisions"}],"predecessor-version":[{"id":1388,"href":"https:\/\/formenbilisim.com\/index.php\/wp-json\/wp\/v2\/pages\/1353\/revisions\/1388"}],"wp:attachment":[{"href":"https:\/\/formenbilisim.com\/index.php\/wp-json\/wp\/v2\/media?parent=1353"}],"curies":[{"name":"wp","href":"https:\/\/api.w.org\/{rel}","templated":true}]}}