{"id":1381,"date":"2020-03-25T20:32:54","date_gmt":"2020-03-25T20:32:54","guid":{"rendered":"https:\/\/formenbilisim.com\/?page_id=1381"},"modified":"2021-03-14T17:27:56","modified_gmt":"2021-03-14T17:27:56","slug":"kontakt","status":"publish","type":"page","link":"https:\/\/formenbilisim.com\/index.php\/sp\/kontakt\/","title":{"rendered":"Kontakt"},"content":{"rendered":"<p>[vc_row][vc_column offset=&#8221;vc_col-md-8&#8243;]\t<div class=\"de_tab tab_style_2\">\n\t\t        <ul class=\"de_nav\">\n        \t            <li class=\"active\" data-wow-delay=\"0s\">\n            \t<span>T\u00fcrkiye<\/span><div class=\"v-border\"><\/div>\n            <\/li>\n                        <li class=\"\" data-wow-delay=\"0s\">\n            \t<span>Srbiji<\/span><div class=\"v-border\"><\/div>\n            <\/li>\n                        <li class=\"\" data-wow-delay=\"0s\">\n            \t<span>Nema\u010dka<\/span><div class=\"v-border\"><\/div>\n            <\/li>\n                    <\/ul>\n                <div class=\"de_tab_content tc_style-1\">\n        \t            <div id=\"tab0\">\n                <div class=\"row\">\n                    <div class=\"col-md-6\">\n                    \t<iframe src=\"https:\/\/www.google.com\/maps\/embed?pb=!1m18!1m12!1m3!1d3066.950446470737!2d30.564621315376154!3d39.76322097944648!2m3!1f0!2f0!3f0!3m2!1i1024!2i768!4f13.1!3m3!1m2!1s0x14cc3e78a21acc3f%3A0x80396e34feae54f4!2zR8O8bmRvxJ9kdSwgw4dldnJlIFlvbHUgTm86OTcsIDI2MTAwIE9kdW5wYXphcsSxL0Vza2nFn2VoaXI!5e0!3m2!1str!2str!4v1581034949068!5m2!1str!2str\" width=\"100%\" height=\"380\" frameborder=\"0\" style=\"border:0;\" allowfullscreen=\"\"><\/iframe>                    <\/div>\n                    <div class=\"col-md-6\">\n                    \t<address class=\"address-style-2\">\n<span><strong>Glavna kancelarija<\/strong><\/p>\n<span><strong>Adresa:<\/strong>G\u00fcndo\u011fdu Mah. \u00c7evre Yolu Bulv. No:97 Odupazar\u0131\/ Eski\u015fehir\/ Turkey<\/span>\n<span><strong>Telefon:<\/strong>+90 (545)226 2622<\/span>\n<span><strong>Email:<\/strong><a href=\"mailto:info@formenbilisim.com\">info@formenbilisim.com<\/a><\/span>\n<\/address>                    <\/div>\n                <\/div>\n            <\/div>\n                        <div id=\"tab1\">\n                <div class=\"row\">\n                    <div class=\"col-md-6\">\n                    \t<iframe src=\"https:\/\/www.google.com\/maps\/embed?pb=!1m18!1m12!1m3!1d11323.760881233184!2d20.457594343574414!3d44.80240691557774!2m3!1f0!2f0!3f0!3m2!1i1024!2i768!4f13.1!3m3!1m2!1s0x475a7723ae8ae48b%3A0xbaea6b9f3c94d9a5!2sHotel%20Slavija%20Belgrade!5e0!3m2!1str!2str!4v1581035453577!5m2!1str!2str\" width=\"100%\" height=\"380\" frameborder=\"0\" style=\"border:0;\" allowfullscreen=\"\"><\/iframe>                    <\/div>\n                    <div class=\"col-md-6\">\n                    \t<address class=\"address-style-2\">\n<span><strong>Kancelarija u Srbiji<\/strong><\/p>\n<span><strong>Adresa:<\/strong>Slavija Square, Svetog Save 1-9 11000 Belgrade\/Serbia<\/span>\n<span><strong>Telefon:<\/strong>+381 62 119 56 96<\/span>\n<span><strong>WhatsApp:<\/strong>+90 543 501 08 05<\/span>\n<span><strong>Email:<\/strong><a href=\"mailto:info@formenbilisim.com\">info@formenbilisim.com<\/a><\/span>\n<\/address>                    <\/div>\n                <\/div>\n            <\/div>\n                        <div id=\"tab2\">\n                <div class=\"row\">\n                    <div class=\"col-md-6\">\n                    \t<iframe src=\"https:\/\/www.google.com\/maps\/embed?pb=!1m18!1m12!1m3!1d2558.9329334418053!2d8.753991116135865!3d50.10626227942929!2m3!1f0!2f0!3f0!3m2!1i1024!2i768!4f13.1!3m3!1m2!1s0x47bd0e0f2ee1217b%3A0xcc9a3d475aae7094!2sBerliner%20Str.%20164%2C%2063067%20Offenbach%20am%20Main%2C%20Almanya!5e0!3m2!1str!2str!4v1613597855556!5m2!1str!2str\" width=\"100%\" height=\"380\" frameborder=\"0\" style=\"border:0;\" allowfullscreen=\"\" aria-hidden=\"false\" tabindex=\"0\"><\/iframe>                    <\/div>\n                    <div class=\"col-md-6\">\n                    \t<address class=\"address-style-2\">\n<span><strong>Nema\u010dka kancelarija<\/strong><\/p>\n<span><strong>Adresa:<\/strong>Berlinerstrasse 164 63067 Offenbach\u00a0\/Germany<\/span>\n<span><strong>Telefon:<\/strong>+49 69-76028950<\/span>\n<span><strong>Email:<\/strong><a href=\"mailto:esconsy@gmx.de\">esconsy@gmx.de<\/a><\/span>\n<\/address>                    <\/div>\n                <\/div>\n            <\/div>\n                    <\/div>\n    <\/div>\n\n[vc_empty_space height=&#8221;10px&#8221;][\/vc_column][vc_column offset=&#8221;vc_col-md-4&#8243;]<div role=\"form\" class=\"wpcf7\" id=\"wpcf7-f1376-o1\" lang=\"tr-TR\" dir=\"ltr\">\n<div class=\"screen-reader-response\"><\/div>\n<form action=\"\/index.php\/wp-json\/wp\/v2\/pages\/1381#wpcf7-f1376-o1\" method=\"post\" class=\"wpcf7-form\" novalidate=\"novalidate\">\n<div style=\"display: none;\">\n<input type=\"hidden\" name=\"_wpcf7\" value=\"1376\" \/>\n<input type=\"hidden\" name=\"_wpcf7_version\" value=\"5.1.6\" \/>\n<input type=\"hidden\" name=\"_wpcf7_locale\" value=\"tr_TR\" \/>\n<input type=\"hidden\" name=\"_wpcf7_unit_tag\" value=\"wpcf7-f1376-o1\" \/>\n<input type=\"hidden\" name=\"_wpcf7_container_post\" value=\"0\" \/>\n<\/div>\n<div id='contact_form' class=\"padding30\" data-bgcolor=\"#f5f5f5\">\n<h3>Po\u0161aljite nam poruku<span class=\"tiny-border\"><\/span><\/h3>\n<div class=\"row\">\n<div class=\"col-md-12\">\n<div id='name_error' class='error'>Unesite svoje ime.<\/div>\n<div>\n\t\t\t\t<span class=\"wpcf7-form-control-wrap your-name\"><input type=\"text\" name=\"your-name\" value=\"\" size=\"40\" class=\"wpcf7-form-control wpcf7-text wpcf7-validates-as-required form-control\" aria-required=\"true\" aria-invalid=\"false\" placeholder=\"Va\u0161e ime i prezime\" \/><\/span>\n\t\t\t<\/div>\n<div>\n\t\t\t\t<span class=\"wpcf7-form-control-wrap your-email\"><input type=\"email\" name=\"your-email\" value=\"\" size=\"40\" class=\"wpcf7-form-control wpcf7-text wpcf7-email wpcf7-validates-as-required wpcf7-validates-as-email form-control\" aria-required=\"true\" aria-invalid=\"false\" placeholder=\"Va\u0161a e-mail adresa\" \/><\/span>\n\t\t\t<\/div>\n<div>\n\t\t\t\t<span class=\"wpcf7-form-control-wrap your-phone\"><input type=\"tel\" name=\"your-phone\" value=\"\" size=\"40\" class=\"wpcf7-form-control wpcf7-text wpcf7-tel wpcf7-validates-as-tel form-control\" aria-invalid=\"false\" placeholder=\"Va\u0161 broj telefona\" \/><\/span>\n\t\t\t<\/div>\n<div>\n\t\t\t\t<span class=\"wpcf7-form-control-wrap your-message\"><textarea name=\"your-message\" cols=\"40\" rows=\"10\" class=\"wpcf7-form-control wpcf7-textarea wpcf7-validates-as-required form-control\" aria-required=\"true\" aria-invalid=\"false\" placeholder=\"Va\u0161a poruka\"><\/textarea><\/span>\n\t\t\t<\/div><\/div>\n<div>\n                                <span class=\"wpcf7-form-control-wrap quiz-864\"><label><span class=\"wpcf7-quiz-label\">4+3?<\/span> <input type=\"text\" name=\"quiz-864\" size=\"40\" class=\"wpcf7-form-control wpcf7-quiz form-control\" autocomplete=\"off\" aria-required=\"true\" aria-invalid=\"false\" \/><\/label><input type=\"hidden\" name=\"_wpcf7_quiz_answer_quiz-864\" value=\"12b6d2a5b484fbc091a5057519dbf0d4\" \/><\/span>\n                        <\/div>\n<div class=\"col-md-12\">\n<div id='submit'>\n\t\t\t\t<input type=\"submit\" value=\"Podnesite\" class=\"wpcf7-form-control wpcf7-submit btn btn-line\" \/>\n\t\t\t<\/div><\/div><\/div>\n<\/div>\n<div class=\"wpcf7-response-output wpcf7-display-none\"><\/div><\/form><\/div>[\/vc_column][\/vc_row]<\/p>\n","protected":false},"excerpt":{"rendered":"<p>[vc_row][vc_column offset=&#8221;vc_col-md-8&#8243;][vc_empty_space height=&#8221;10px&#8221;][\/vc_column][vc_column offset=&#8221;vc_col-md-4&#8243;][\/vc_column][\/vc_row]<\/p>\n","protected":false},"author":1,"featured_media":0,"parent":0,"menu_order":0,"comment_status":"closed","ping_status":"closed","template":"page-templates\/template-fullwidth.php","meta":[],"_links":{"self":[{"href":"https:\/\/formenbilisim.com\/index.php\/wp-json\/wp\/v2\/pages\/1381"}],"collection":[{"href":"https:\/\/formenbilisim.com\/index.php\/wp-json\/wp\/v2\/pages"}],"about":[{"href":"https:\/\/formenbilisim.com\/index.php\/wp-json\/wp\/v2\/types\/page"}],"author":[{"embeddable":true,"href":"https:\/\/formenbilisim.com\/index.php\/wp-json\/wp\/v2\/users\/1"}],"replies":[{"embeddable":true,"href":"https:\/\/formenbilisim.com\/index.php\/wp-json\/wp\/v2\/comments?post=1381"}],"version-history":[{"count":3,"href":"https:\/\/formenbilisim.com\/index.php\/wp-json\/wp\/v2\/pages\/1381\/revisions"}],"predecessor-version":[{"id":1452,"href":"https:\/\/formenbilisim.com\/index.php\/wp-json\/wp\/v2\/pages\/1381\/revisions\/1452"}],"wp:attachment":[{"href":"https:\/\/formenbilisim.com\/index.php\/wp-json\/wp\/v2\/media?parent=1381"}],"curies":[{"name":"wp","href":"https:\/\/api.w.org\/{rel}","templated":true}]}}