{"id":309,"date":"2016-12-09T07:34:03","date_gmt":"2016-12-09T07:34:03","guid":{"rendered":"http:\/\/localhost\/buildpro\/?page_id=309"},"modified":"2020-03-24T10:53:24","modified_gmt":"2020-03-24T10:53:24","slug":"hakkimizda","status":"publish","type":"page","link":"https:\/\/formenbilisim.com\/index.php\/hakkimizda\/","title":{"rendered":"Hakk\u0131m\u0131zda"},"content":{"rendered":"<p>[vc_row][vc_column offset=&#8221;vc_col-md-9&#8243; css=&#8221;.vc_custom_1581008693877{padding-bottom: 0px !important;}&#8221;][vc_empty_space][vc_row_inner][vc_column_inner]\n\t\t<div class=\"feature-box-small-icon \">\n        <span class=\"icon\">\n        \t<i class=\"icon_check id-color\"><\/i>\n        <\/span>\n        <div class=\"text\">\n            <h3>ESCON HAKKINDA<\/h3>\n            T\u00fcrkiye, Avrupa, Rusya, T\u00fcrki Cumhuriyetler ve Orta Do\u011fu\u2019da 25 y\u0131l boyunca ulusal ve uluslararas\u0131 \u00e7apta y\u00fcksek prestijli projelerde \u00fcst d\u00fczey proje y\u00f6neticisi olarak \u00e7al\u0131\u015fan<strong><em> \u0130n\u015f.M\u00fch. Serdar Y\u0131lmaz<\/em><\/strong> ve in\u015faat sekt\u00f6r\u00fcnde 20 y\u0131ll\u0131k ticari ge\u00e7mi\u015fe sahip ve \u00f6nemli projelere imza atm\u0131\u015f <em><strong>Ya\u015far Atmaca<\/strong><\/em> taraf\u0131ndan <em><strong>May\u0131s 2016<\/strong><\/em>&#8216; da kurulan <em><strong>SY Cons.M\u00fchendislik Ticaret Ltd. \u015eti<\/strong>; <\/em>i\u015f alan\u0131n\u0131 geni\u015fletme vizyonuyla Avrupa ve Balkan \u00fclkelerini hedef alarak <strong><em>Escon Emlak Taahhut Sanayi ve D\u0131\u015f Ticaret Ltd. \u015eti<\/em><\/strong>\u2019 ni\u00a0<u> <\/u>kurmu\u015ftur.<\/p>\n<p><strong>ESCON<\/strong> faaliyetleri profesyonel de\u011ferlerle tan\u0131mlan\u0131r. Her <strong>ESCON<\/strong> \u00c7al\u0131\u015fan\u0131, profesyonel de\u011ferleri d\u00fc\u015f\u00fcnerek g\u00f6revlerini yerine getirir ve bunun ortak ba\u015far\u0131m\u0131zda \u00f6nemli bir paya sahip oldu\u011funu bilir.<\/p>\n<p>Belirli periyotlarda ger\u00e7ekle\u015ftirilen hizmet i\u00e7i e\u011fitimler ve seminerler ile her bir \u00e7al\u0131\u015fana <strong>ESCON<\/strong> de\u011ferleri ve \u015firket eti\u011fi anlat\u0131larak tak\u0131m ruhu olu\u015fturulur.        <\/div>\n    <\/div>\n    \n[\/vc_column_inner][\/vc_row_inner][vc_empty_space][vc_row_inner css=&#8221;.vc_custom_1481530056309{padding-top: 30px !important;}&#8221;][vc_column_inner offset=&#8221;vc_col-md-6&#8243;][vc_single_image image=&#8221;1128&#8243; img_size=&#8221;full&#8221;][vc_custom_heading text=&#8221;Kaba \u0130n\u015faat Projeleri&#8221; font_container=&#8221;tag:h3|text_align:left&#8221; use_theme_fonts=&#8221;yes&#8221; css=&#8221;.vc_custom_1581032194348{margin-top: 20px !important;}&#8221;][vc_column_text]Proje a\u015famas\u0131yla ile Hafriyat, Grobeton, Demir Detay\u0131, Korozyon, Montolama, Temel \u0130zolasyonu, Temel Drenaj\u0131, Temel Elektrik Topraklamas\u0131, Duvar \u0130\u015fleri; Gazbeton duvar veya tu\u011fla duvar \u00f6r\u00fclmesi gibi, a\u015famalar\u0131 kapsar.[\/vc_column_text][\/vc_column_inner][vc_column_inner offset=&#8221;vc_col-md-6&#8243;][vc_custom_heading text=&#8221;\u0130nce \u0130n\u015faat Projeleri&#8221; font_container=&#8221;tag:h3|text_align:left&#8221; use_theme_fonts=&#8221;yes&#8221;][vc_column_text css=&#8221;.vc_custom_1581032573704{margin-bottom: 20px !important;}&#8221;]Yap\u0131larda ta\u015f\u0131y\u0131c\u0131 sistem imalatlar\u0131n\u0131n bitmesinden sonra har\u00e7l\u0131 imalatlar olarakta adland\u0131r\u0131lan, zemin, duvar , d\u00f6\u015feme ve cephe kaplamalar\u0131n tamirat ve yenilenmesi i\u015flerini kapsar.[\/vc_column_text][vc_single_image image=&#8221;1153&#8243; img_size=&#8221;full&#8221;][\/vc_column_inner][\/vc_row_inner][vc_row_inner][vc_column_inner][vc_empty_space][vc_custom_heading text=&#8221;Anahtar Teslim Projeler&#8221; font_container=&#8221;tag:h3|text_align:left&#8221; use_theme_fonts=&#8221;yes&#8221; css=&#8221;.vc_custom_1581032247471{margin-top: 20px !important;}&#8221;][vc_column_text]<span class=\"ILfuVd\"><span class=\"e24Kjd\">Belirlenen projeye g\u00f6re in\u015fa edilen konut ya da binaya dair t\u00fcm masraflar\u0131n belirlendi\u011fi, kaba ve ince in\u015faat i\u015flerinin eksiksiz olarak tamamlanarak al\u0131c\u0131ya teslim edilmesi hizmetini kapsar.<br \/>\n<\/span><\/span>[\/vc_column_text][vc_empty_space]\t<figure class=\"pic-hover hover-scale\">\n        <span class=\"center-xy\">\n            <a class=\"popup-vimeo\" href=\"https:\/\/vimeo.com\/389717575\">\n                <i class=\"fa fa-play btn-play btn-action btn-action-hide\"><\/i>\n            <\/a>\n        <\/span>\n        <span class=\"bg-overlay\"><\/span>\n        <img src=\"https:\/\/formenbilisim.com\/wp-content\/uploads\/2020\/02\/Escon-Innovation-Center-Portfolio-Foto-3.jpg\" class=\"img-responsive\" alt=\"\">\n    <\/figure>\n\n[\/vc_column_inner][\/vc_row_inner][\/vc_column][vc_column offset=&#8221;vc_col-md-3&#8243;][vc_wp_custommenu nav_menu=&#8221;24&#8243;]\n\t\t<div class=\"feature-box-small-icon \">\n        <span class=\"icon\">\n        \t<i class=\"icon_check id-color\"><\/i>\n        <\/span>\n        <div class=\"text\">\n            <h3>Vizyonumuz<\/h3>\n            T\u00fcrkiye ve Yurt d\u0131\u015f\u0131nda hizmet veren in\u015faat ve m\u00fchendislik firmalar\u0131 aras\u0131nda g\u00fcvenilir, \u00fcst d\u00fczey i\u015f kalitesi sunan ve en yenilik\u00e7i firmalardan biri olmak.        <\/div>\n    <\/div>\n    \n[vc_empty_space]\n\t\t<div class=\"feature-box-small-icon \">\n        <span class=\"icon\">\n        \t<i class=\"icon_check id-color\"><\/i>\n        <\/span>\n        <div class=\"text\">\n            <h3>Misyonumuz<\/h3>\n            Tasarlanan in\u015faat projelerini g\u00fcvenli, y\u00fcksek kaliteli ve en k\u0131sa s\u00fcrede uygulamaya ge\u00e7irmek ve tamamlamak; m\u00fc\u015fterilerimiz ile anla\u015ft\u0131\u011f\u0131m\u0131z i\u015f program\u0131na dikkat etmek; t\u00fcm bunlar\u0131 ger\u00e7ekle\u015ftirirken, ESCON \u00e7al\u0131\u015fanlar\u0131n\u0131n kariyer geli\u015fimine yard\u0131mc\u0131 olmak.        <\/div>\n    <\/div>\n    \n[vc_empty_space]\n\t\t<div class=\"feature-box-small-icon \">\n        <span class=\"icon\">\n        \t<i class=\"icon_check id-color\"><\/i>\n        <\/span>\n        <div class=\"text\">\n            <h3>De\u011ferlerimiz<\/h3>\n            Ger\u00e7ekle\u015ftirdi\u011fimiz her faaliyetin temelinde, tan\u0131mlanm\u0131\u015f profesyonel \u015firket de\u011ferlerimiz yatar. Ba\u015flad\u0131\u011f\u0131m\u0131z her projede, bu de\u011ferlerin \u0131\u015f\u0131\u011f\u0131nda \u00e7al\u0131\u015f\u0131r\u0131z. Bu yolla, sekt\u00f6rde daha fazla ba\u015far\u0131ya ula\u015faca\u011f\u0131m\u0131z\u0131 biliriz.        <\/div>\n    <\/div>\n    \n[vc_empty_space][vc_empty_space][vc_wp_text]<\/p>\n<div class=\"padding30 text-black\">\n<h4>Do\u011fru Partner!<\/h4>\n<p>Bir sonraki in\u015faat projeniz i\u00e7in do\u011fru parneri mi ar\u0131yorsunuz?<\/p>\n<h4>Escon Ekipman<\/h4>\n<p>-6.000 m2 \u0130n\u015faat Kal\u0131b\u0131<br \/>\n-12.000 m3 Kal\u0131p \u0130skelesi<br \/>\n-2 Kule Vin\u00e7<\/p>\n<h4>Escon \u0130\u015f G\u00fcc\u00fc<\/h4>\n<h5>(\u015eu an Aktif)<\/h5>\n<p>-3 \u0130n\u015faat M\u00fchendisi<br \/>\n-2 \u0130n\u015faat Teknikeri<br \/>\n-3 Formen<br \/>\n-95 Kal\u0131p\u00e7\u0131<br \/>\n-56 So\u011fuk Demirci<br \/>\n-20 Duvarc\u0131<\/p>\n<div class=\"text-center\"><a class=\"btn btn-line-black btn-fx mt20\" href=\"tel:\/\/+9005452262622\">Hemen Aray\u0131n<\/a><\/div>\n<\/div>\n<p>[\/vc_wp_text][\/vc_column][\/vc_row]<\/p>\n","protected":false},"excerpt":{"rendered":"<p>[vc_row][vc_column offset=&#8221;vc_col-md-9&#8243; css=&#8221;.vc_custom_1581008693877{padding-bottom: 0px !important;}&#8221;][vc_empty_space][vc_row_inner][vc_column_inner][\/vc_column_inner][\/vc_row_inner][vc_empty_space][vc_row_inner css=&#8221;.vc_custom_1481530056309{padding-top: 30px !important;}&#8221;][vc_column_inner offset=&#8221;vc_col-md-6&#8243;][vc_single_image image=&#8221;1128&#8243; img_size=&#8221;full&#8221;][vc_custom_heading text=&#8221;Kaba \u0130n\u015faat Projeleri&#8221; font_container=&#8221;tag:h3|text_align:left&#8221; use_theme_fonts=&#8221;yes&#8221; css=&#8221;.vc_custom_1581032194348{margin-top: 20px !important;}&#8221;][vc_column_text]Proje a\u015famas\u0131yla ile Hafriyat, Grobeton, Demir Detay\u0131, Korozyon, Montolama, Temel \u0130zolasyonu, Temel Drenaj\u0131, Temel Elektrik Topraklamas\u0131, Duvar \u0130\u015fleri; Gazbeton duvar veya tu\u011fla duvar \u00f6r\u00fclmesi gibi, a\u015famalar\u0131 kapsar.[\/vc_column_text][\/vc_column_inner][vc_column_inner offset=&#8221;vc_col-md-6&#8243;][vc_custom_heading text=&#8221;\u0130nce \u0130n\u015faat Projeleri&#8221; font_container=&#8221;tag:h3|text_align:left&#8221; use_theme_fonts=&#8221;yes&#8221;][vc_column_text css=&#8221;.vc_custom_1581032573704{margin-bottom: 20px !important;}&#8221;]Yap\u0131larda ta\u015f\u0131y\u0131c\u0131 [&hellip;]<\/p>\n","protected":false},"author":1,"featured_media":0,"parent":0,"menu_order":0,"comment_status":"closed","ping_status":"closed","template":"page-templates\/template-fullwidth.php","meta":[],"_links":{"self":[{"href":"https:\/\/formenbilisim.com\/index.php\/wp-json\/wp\/v2\/pages\/309"}],"collection":[{"href":"https:\/\/formenbilisim.com\/index.php\/wp-json\/wp\/v2\/pages"}],"about":[{"href":"https:\/\/formenbilisim.com\/index.php\/wp-json\/wp\/v2\/types\/page"}],"author":[{"embeddable":true,"href":"https:\/\/formenbilisim.com\/index.php\/wp-json\/wp\/v2\/users\/1"}],"replies":[{"embeddable":true,"href":"https:\/\/formenbilisim.com\/index.php\/wp-json\/wp\/v2\/comments?post=309"}],"version-history":[{"count":10,"href":"https:\/\/formenbilisim.com\/index.php\/wp-json\/wp\/v2\/pages\/309\/revisions"}],"predecessor-version":[{"id":1304,"href":"https:\/\/formenbilisim.com\/index.php\/wp-json\/wp\/v2\/pages\/309\/revisions\/1304"}],"wp:attachment":[{"href":"https:\/\/formenbilisim.com\/index.php\/wp-json\/wp\/v2\/media?parent=309"}],"curies":[{"name":"wp","href":"https:\/\/api.w.org\/{rel}","templated":true}]}}