{"id":547,"date":"2016-12-16T03:24:50","date_gmt":"2016-12-16T03:24:50","guid":{"rendered":"http:\/\/localhost\/buildpro\/?page_id=547"},"modified":"2022-06-21T17:11:19","modified_gmt":"2022-06-21T14:11:19","slug":"home-5","status":"publish","type":"page","link":"https:\/\/formenbilisim.com\/","title":{"rendered":"Ana Sayfa"},"content":{"rendered":"<p>[vc_row parallax_bg=&#8221;true&#8221; parallax=&#8221;&#8221; css=&#8221;.vc_custom_1482394050368{padding-top: 0px !important;padding-bottom: 0px !important;}&#8221;][vc_column][rev_slider_vc alias=&#8221;escon-tr-1&#8243;][\/vc_column][\/vc_row][vc_row parallax_bg=&#8221;true&#8221; css=&#8221;.vc_custom_1481793684665{padding-bottom: 50px !important;}&#8221;][vc_column offset=&#8221;vc_col-md-4&#8243;]\n\t    <div class=\"feature-box-small-icon \">\n        <div class=\"inner\">\n            <span class=\"number\">1<\/span>\n            <div class=\"text\">\n                <h3>Profesyonel Kadro<\/h3>\n                Formen Bili\u015fim, her biri kendi alan\u0131nda kalifiye ve \u00fcst d\u00fczey i\u015f\u00e7ilik sunan saha ekibi ile fark yarat\u0131r.            <\/div>\n        <\/div>\n    <\/div>\t\n    \n[vc_empty_space height=&#8221;30px&#8221;][\/vc_column][vc_column offset=&#8221;vc_col-md-4&#8243;]\n\t    <div class=\"feature-box-small-icon \">\n        <div class=\"inner\">\n            <span class=\"number\">2<\/span>\n            <div class=\"text\">\n                <h3>G\u00fc\u00e7l\u00fc Teknik Kadro<\/h3>\n                Formen Bili\u015fim, nitelikli profesyonel ge\u00e7mi\u015fe sahip teknik kadrosu ile proje y\u00f6netimi ve kalite kontrolde size avantaj sa\u011flar.            <\/div>\n        <\/div>\n    <\/div>\t\n    \n[vc_empty_space height=&#8221;30px&#8221;][\/vc_column][vc_column offset=&#8221;vc_col-md-4&#8243;]\n\t    <div class=\"feature-box-small-icon \">\n        <div class=\"inner\">\n            <span class=\"number\">3<\/span>\n            <div class=\"text\">\n                <h3>D\u00fc\u015f\u00fck Maliyet<\/h3>\n                Formen Bili\u015fim, profesyonel yakla\u015f\u0131m\u0131yla m\u00fc\u015fterinin zaman ve \u00f6deme tasarrufu yapmas\u0131n\u0131 sa\u011flar.            <\/div>\n        <\/div>\n    <\/div>\t\n    \n[vc_empty_space height=&#8221;30px&#8221;][vc_empty_space height=&#8221;30px&#8221;][\/vc_column][vc_column offset=&#8221;vc_col-md-4&#8243;]\n\t    <div class=\"feature-box-small-icon \">\n        <div class=\"inner\">\n            <span class=\"number\">4<\/span>\n            <div class=\"text\">\n                <h3>Ayr\u0131nt\u0131l\u0131 Tahmin<\/h3>\n                Formen Bili\u015fim, s\u00fcrekli y\u00fcksek verim i\u00e7in i\u015f planlamas\u0131nda en yak\u0131n \u00f6ng\u00f6r\u00fcy\u00fc sa\u011flar.            <\/div>\n        <\/div>\n    <\/div>\t\n    \n[vc_empty_space height=&#8221;30px&#8221;][\/vc_column][vc_column offset=&#8221;vc_col-md-4&#8243;]\n\t    <div class=\"feature-box-small-icon \">\n        <div class=\"inner\">\n            <span class=\"number\">5<\/span>\n            <div class=\"text\">\n                <h3>Zaman\u0131nda \u0130\u015f Teslimi<\/h3>\n                Formen Bili\u015fim, g\u00fc\u00e7l\u00fc altyap\u0131s\u0131 ve deneyimi ile i\u015fi zaman\u0131nda teslim eder.            <\/div>\n        <\/div>\n    <\/div>\t\n    \n[vc_empty_space height=&#8221;30px&#8221;][\/vc_column][vc_column offset=&#8221;vc_col-md-4&#8243;]\n\t    <div class=\"feature-box-small-icon \">\n        <div class=\"inner\">\n            <span class=\"number\">6<\/span>\n            <div class=\"text\">\n                <h3>S\u0131f\u0131r \u015eikayet<\/h3>\n                Formen Bili\u015fim, temel de\u011ferleri do\u011frultusunda teslim etti\u011fi projeler i\u00e7in <strong><em>\u201cs\u0131f\u0131r \u015fikayet\u201d<\/em> <\/strong>prensibi ile \u00e7al\u0131\u015fmaktad\u0131r.            <\/div>\n        <\/div>\n    <\/div>\t\n    \n[vc_empty_space height=&#8221;30px&#8221;][\/vc_column][\/vc_row][vc_row][vc_column][vc_column_text]<\/p>\n<h2>Projeler <span class=\"tiny-border\">x<\/span><\/h2>\n<p>[\/vc_column_text]\n\t\n\t<div id=\"gallery\" class=\"gallery full-gallery de-gallery pf_full_width pf_3_cols gallery_border\">\n\n                <div class=\"item  \">\n            <div class=\"picframe\">\n            \t                <a href=\"https:\/\/formenbilisim.com\/index.php\/en\/portfolio\/grande-arte-otel-eskisehir-turkiye-2\/\">\n                                    <span class=\"overlay\">\n                        <span class=\"pf_text\">\n                            <span class=\"project-name\">Grande Arte Otel &#8211; Eski\u015fehir-T\u00fcrkiye<\/span>\n                        <\/span>\n                    <\/span>\n                <\/a>\n                <img src=\"https:\/\/formenbilisim.com\/wp-content\/uploads\/2022\/06\/grande-arte-1-k.jpg\" alt=\"\" \/>\n            <\/div>\n        <\/div>\n                <div class=\"item tamamlanan-projeler \">\n            <div class=\"picframe\">\n            \t                <a href=\"https:\/\/formenbilisim.com\/index.php\/portfolio\/grande-arte-otel-eskisehir-turkiye\/\">\n                                    <span class=\"overlay\">\n                        <span class=\"pf_text\">\n                            <span class=\"project-name\">Grande Arte Otel &#8211; Eski\u015fehir-T\u00fcrkiye<\/span>\n                        <\/span>\n                    <\/span>\n                <\/a>\n                <img src=\"https:\/\/formenbilisim.com\/wp-content\/uploads\/2022\/06\/grande-arte-1-k.jpg\" alt=\"\" \/>\n            <\/div>\n        <\/div>\n                <div class=\"item  \">\n            <div class=\"picframe\">\n            \t                <a href=\"https:\/\/formenbilisim.com\/index.php\/en\/portfolio\/senna-city-otel-eskisehir-turkiye-2\/\">\n                                    <span class=\"overlay\">\n                        <span class=\"pf_text\">\n                            <span class=\"project-name\">Senna City Otel &#8211; Eski\u015fehir-T\u00fcrkiye<\/span>\n                        <\/span>\n                    <\/span>\n                <\/a>\n                <img src=\"https:\/\/formenbilisim.com\/wp-content\/uploads\/2022\/06\/Senna-City-k-1.jpg\" alt=\"\" \/>\n            <\/div>\n        <\/div>\n                <div class=\"item tamamlanan-projeler \">\n            <div class=\"picframe\">\n            \t                <a href=\"https:\/\/formenbilisim.com\/index.php\/portfolio\/senna-city-otel-eskisehir-turkiye\/\">\n                                    <span class=\"overlay\">\n                        <span class=\"pf_text\">\n                            <span class=\"project-name\">Senna City Otel &#8211; Eski\u015fehir-T\u00fcrkiye<\/span>\n                        <\/span>\n                    <\/span>\n                <\/a>\n                <img src=\"https:\/\/formenbilisim.com\/wp-content\/uploads\/2022\/06\/Senna-City-k-1.jpg\" alt=\"\" \/>\n            <\/div>\n        <\/div>\n                <div class=\"item  \">\n            <div class=\"picframe\">\n            \t                <a href=\"https:\/\/formenbilisim.com\/index.php\/en\/portfolio\/holiday-inn-beylikduzu-istanbul-turkiye\/\">\n                                    <span class=\"overlay\">\n                        <span class=\"pf_text\">\n                            <span class=\"project-name\">Holiday Inn Beylikd\u00fcz\u00fc-\u0130stanbul-T\u00fcrkiye<\/span>\n                        <\/span>\n                    <\/span>\n                <\/a>\n                <img src=\"https:\/\/formenbilisim.com\/wp-content\/uploads\/2022\/06\/holiday-inn-1-k.jpg\" alt=\"\" \/>\n            <\/div>\n        <\/div>\n                <div class=\"item tamamlanan-projeler \">\n            <div class=\"picframe\">\n            \t                <a href=\"https:\/\/formenbilisim.com\/index.php\/portfolio\/holiday-inn-otel-beylikduzu-istanbul-turkiye\/\">\n                                    <span class=\"overlay\">\n                        <span class=\"pf_text\">\n                            <span class=\"project-name\">Holiday Inn Otel Beylikd\u00fcz\u00fc-\u0130stanbul-T\u00fcrkiye<\/span>\n                        <\/span>\n                    <\/span>\n                <\/a>\n                <img src=\"https:\/\/formenbilisim.com\/wp-content\/uploads\/2022\/06\/holiday-inn-1-k.jpg\" alt=\"\" \/>\n            <\/div>\n        <\/div>\n        \n    <\/div>\n\n        <style type=\"text\/css\">\n\t    .pf_full_width.gallery_border .picframe,\n\t    .gallery_border{\n\t    \tmargin: 15px;\n\t    }\n\t    .gallery_border{\n\t    \tmargin-top: -15px;\n\t    }\n\t    .container .gallery_border{\n\t    \tmargin-left: -15px;;\n\t    \tmargin-right: -15px;;\n\t    }\n    <\/style>\n    \n[\/vc_column][\/vc_row][vc_row el_class=&#8221;bg-color text-center&#8221; css=&#8221;.vc_custom_1655820663162{padding-top: 30px !important;padding-bottom: 30px !important;}&#8221;][vc_column]\n\t<div class=\"row call-to-action \">\n\t\t<div class=\"col-md-8\">\n\t        <h3 class=\"mt10\">Devam eden ve tamamlanan t\u00fcm projelerimizi inceleyin<\/h3>\n\t    <\/div>\n\t    <div class=\"col-md-4 text-right\">\n\t    \t<a class=\"btn btn-line-black btn-fx\" href=\"https:\/\/formenbilisim.com\/index.php\/projeler\/\" target=\"_self\">T\u00dcM PROJELER\u0130M\u0130Z<\/a>\t    <\/div>\n    <\/div>\n\n[\/vc_column][\/vc_row]<\/p>\n","protected":false},"excerpt":{"rendered":"<p>[vc_row parallax_bg=&#8221;true&#8221; parallax=&#8221;&#8221; css=&#8221;.vc_custom_1482394050368{padding-top: 0px !important;padding-bottom: 0px !important;}&#8221;][vc_column][rev_slider_vc alias=&#8221;escon-tr-1&#8243;][\/vc_column][\/vc_row][vc_row parallax_bg=&#8221;true&#8221; css=&#8221;.vc_custom_1481793684665{padding-bottom: 50px !important;}&#8221;][vc_column offset=&#8221;vc_col-md-4&#8243;][vc_empty_space height=&#8221;30px&#8221;][\/vc_column][vc_column offset=&#8221;vc_col-md-4&#8243;][vc_empty_space height=&#8221;30px&#8221;][\/vc_column][vc_column offset=&#8221;vc_col-md-4&#8243;][vc_empty_space height=&#8221;30px&#8221;][vc_empty_space height=&#8221;30px&#8221;][\/vc_column][vc_column offset=&#8221;vc_col-md-4&#8243;][vc_empty_space height=&#8221;30px&#8221;][\/vc_column][vc_column offset=&#8221;vc_col-md-4&#8243;][vc_empty_space height=&#8221;30px&#8221;][\/vc_column][vc_column offset=&#8221;vc_col-md-4&#8243;][vc_empty_space height=&#8221;30px&#8221;][\/vc_column][\/vc_row][vc_row][vc_column][vc_column_text] Projeler x [\/vc_column_text][\/vc_column][\/vc_row][vc_row el_class=&#8221;bg-color text-center&#8221; css=&#8221;.vc_custom_1655820663162{padding-top: 30px !important;padding-bottom: 30px !important;}&#8221;][vc_column][\/vc_column][\/vc_row]<\/p>\n","protected":false},"author":1,"featured_media":0,"parent":0,"menu_order":0,"comment_status":"closed","ping_status":"closed","template":"page-templates\/template-canvas.php","meta":[],"_links":{"self":[{"href":"https:\/\/formenbilisim.com\/index.php\/wp-json\/wp\/v2\/pages\/547"}],"collection":[{"href":"https:\/\/formenbilisim.com\/index.php\/wp-json\/wp\/v2\/pages"}],"about":[{"href":"https:\/\/formenbilisim.com\/index.php\/wp-json\/wp\/v2\/types\/page"}],"author":[{"embeddable":true,"href":"https:\/\/formenbilisim.com\/index.php\/wp-json\/wp\/v2\/users\/1"}],"replies":[{"embeddable":true,"href":"https:\/\/formenbilisim.com\/index.php\/wp-json\/wp\/v2\/comments?post=547"}],"version-history":[{"count":44,"href":"https:\/\/formenbilisim.com\/index.php\/wp-json\/wp\/v2\/pages\/547\/revisions"}],"predecessor-version":[{"id":1488,"href":"https:\/\/formenbilisim.com\/index.php\/wp-json\/wp\/v2\/pages\/547\/revisions\/1488"}],"wp:attachment":[{"href":"https:\/\/formenbilisim.com\/index.php\/wp-json\/wp\/v2\/media?parent=547"}],"curies":[{"name":"wp","href":"https:\/\/api.w.org\/{rel}","templated":true}]}}