{"id":77,"date":"2016-12-05T04:56:01","date_gmt":"2016-12-05T04:56:01","guid":{"rendered":"http:\/\/localhost\/buildpro\/?page_id=77"},"modified":"2022-06-21T17:02:54","modified_gmt":"2022-06-21T14:02:54","slug":"iletisim","status":"publish","type":"page","link":"https:\/\/formenbilisim.com\/index.php\/iletisim\/","title":{"rendered":"\u0130leti\u015fim"},"content":{"rendered":"<p>[vc_row][vc_column offset=&#8221;vc_col-md-8&#8243;]\t<div class=\"de_tab tab_style_2\">\n\t\t        <div class=\"de_tab_content tc_style-1\">\n        \t            <div id=\"tab0\">\n                <div class=\"row\">\n                    <div class=\"col-md-6\">\n                    \t<iframe src=\"https:\/\/www.google.com\/maps\/embed?pb=!1m18!1m12!1m3!1d449.2703213632962!2d30.513391232926438!3d39.77828917406465!2m3!1f0!2f0!3f0!3m2!1i1024!2i768!4f13.1!3m3!1m2!1s0x14cc175fd350207d%3A0x805b5c3e4e929332!2zS8SxesSxbGPEsWtsxLEgbWFobXV0IHBlaGxpdmFuIGNhZGRlc2k!5e0!3m2!1str!2str!4v1655819986065!5m2!1str!2str\" width=\"100%\" height=\"350\" style=\"border:0;\" allowfullscreen=\"\" loading=\"lazy\" referrerpolicy=\"no-referrer-when-downgrade\"><\/iframe>                    <\/div>\n                    <div class=\"col-md-6\">\n                    \t<address class=\"address-style-2\">\n<span><strong>Merkez Ofis<\/strong><\/p>\n<span><strong>Adres:<\/strong>Ho\u015fnudiye Mah. K\u0131z\u0131lc\u0131kl\u0131 Mahmut Pehlivan Cad. 17\/10 Tepeba\u015f\u0131 \/ Eski\u015fehir \/ T\u00fcrkiye <\/span>\n<span><strong>Email:<\/strong><a href=\"mailto:info@formenbilisim.com\">info@formenbilisim.com<\/a><\/span>\n<\/address>                    <\/div>\n                <\/div>\n            <\/div>\n                    <\/div>\n    <\/div>\n\n[vc_empty_space height=&#8221;10px&#8221;][\/vc_column][vc_column offset=&#8221;vc_col-md-4&#8243;]<div role=\"form\" class=\"wpcf7\" id=\"wpcf7-f1266-o1\" lang=\"tr-TR\" dir=\"ltr\">\n<div class=\"screen-reader-response\"><\/div>\n<form action=\"\/index.php\/wp-json\/wp\/v2\/pages\/77#wpcf7-f1266-o1\" method=\"post\" class=\"wpcf7-form\" novalidate=\"novalidate\">\n<div style=\"display: none;\">\n<input type=\"hidden\" name=\"_wpcf7\" value=\"1266\" \/>\n<input type=\"hidden\" name=\"_wpcf7_version\" value=\"5.1.6\" \/>\n<input type=\"hidden\" name=\"_wpcf7_locale\" value=\"tr_TR\" \/>\n<input type=\"hidden\" name=\"_wpcf7_unit_tag\" value=\"wpcf7-f1266-o1\" \/>\n<input type=\"hidden\" name=\"_wpcf7_container_post\" value=\"0\" \/>\n<\/div>\n<div id='contact_form' class=\"padding30\" data-bgcolor=\"#f5f5f5\">\n<h3>Bize Mesaj G\u00f6nderin<span class=\"tiny-border\"><\/span><\/h3>\n<div class=\"row\">\n<div class=\"col-md-12\">\n<div id='name_error' class='error'>L\u00fctfen Ad\u0131n\u0131z\u0131 girin.<\/div>\n<div>\n\t\t\t\t<span class=\"wpcf7-form-control-wrap your-name\"><input type=\"text\" name=\"your-name\" value=\"\" size=\"40\" class=\"wpcf7-form-control wpcf7-text wpcf7-validates-as-required form-control\" aria-required=\"true\" aria-invalid=\"false\" placeholder=\"Ad\u0131n\u0131z Soyad\u0131n\u0131z\" \/><\/span>\n\t\t\t<\/div>\n<div>\n\t\t\t\t<span class=\"wpcf7-form-control-wrap your-email\"><input type=\"email\" name=\"your-email\" value=\"\" size=\"40\" class=\"wpcf7-form-control wpcf7-text wpcf7-email wpcf7-validates-as-required wpcf7-validates-as-email form-control\" aria-required=\"true\" aria-invalid=\"false\" placeholder=\"Emailiniz\" \/><\/span>\n\t\t\t<\/div>\n<div>\n\t\t\t\t<span class=\"wpcf7-form-control-wrap your-phone\"><input type=\"tel\" name=\"your-phone\" value=\"\" size=\"40\" class=\"wpcf7-form-control wpcf7-text wpcf7-tel wpcf7-validates-as-tel form-control\" aria-invalid=\"false\" placeholder=\"Telefon Numaran\u0131z\" \/><\/span>\n\t\t\t<\/div>\n<div>\n\t\t\t\t<span class=\"wpcf7-form-control-wrap your-message\"><textarea name=\"your-message\" cols=\"40\" rows=\"10\" class=\"wpcf7-form-control wpcf7-textarea wpcf7-validates-as-required form-control\" aria-required=\"true\" aria-invalid=\"false\" placeholder=\"Mesaj\u0131n\u0131z\"><\/textarea><\/span>\n\t\t\t<\/div><\/div>\n<div>\n                                <span class=\"wpcf7-form-control-wrap quiz-864\"><label><span class=\"wpcf7-quiz-label\">2+3?<\/span> <input type=\"text\" name=\"quiz-864\" size=\"40\" class=\"wpcf7-form-control wpcf7-quiz form-control\" autocomplete=\"off\" aria-required=\"true\" aria-invalid=\"false\" \/><\/label><input type=\"hidden\" name=\"_wpcf7_quiz_answer_quiz-864\" value=\"d753c00e27d1dbb5bb4c2697f993753a\" \/><\/span>\n                        <\/div>\n<div class=\"col-md-12\">\n<div id='submit'>\n\t\t\t\t<input type=\"submit\" value=\"G\u00f6nder\" class=\"wpcf7-form-control wpcf7-submit btn btn-line\" \/>\n\t\t\t<\/div><\/div><\/div>\n<\/div>\n<div class=\"wpcf7-response-output wpcf7-display-none\"><\/div><\/form><\/div>[\/vc_column][\/vc_row]<\/p>\n","protected":false},"excerpt":{"rendered":"<p>[vc_row][vc_column offset=&#8221;vc_col-md-8&#8243;][vc_empty_space height=&#8221;10px&#8221;][\/vc_column][vc_column offset=&#8221;vc_col-md-4&#8243;][\/vc_column][\/vc_row]<\/p>\n","protected":false},"author":1,"featured_media":0,"parent":0,"menu_order":0,"comment_status":"closed","ping_status":"closed","template":"page-templates\/template-fullwidth.php","meta":[],"_links":{"self":[{"href":"https:\/\/formenbilisim.com\/index.php\/wp-json\/wp\/v2\/pages\/77"}],"collection":[{"href":"https:\/\/formenbilisim.com\/index.php\/wp-json\/wp\/v2\/pages"}],"about":[{"href":"https:\/\/formenbilisim.com\/index.php\/wp-json\/wp\/v2\/types\/page"}],"author":[{"embeddable":true,"href":"https:\/\/formenbilisim.com\/index.php\/wp-json\/wp\/v2\/users\/1"}],"replies":[{"embeddable":true,"href":"https:\/\/formenbilisim.com\/index.php\/wp-json\/wp\/v2\/comments?post=77"}],"version-history":[{"count":12,"href":"https:\/\/formenbilisim.com\/index.php\/wp-json\/wp\/v2\/pages\/77\/revisions"}],"predecessor-version":[{"id":1482,"href":"https:\/\/formenbilisim.com\/index.php\/wp-json\/wp\/v2\/pages\/77\/revisions\/1482"}],"wp:attachment":[{"href":"https:\/\/formenbilisim.com\/index.php\/wp-json\/wp\/v2\/media?parent=77"}],"curies":[{"name":"wp","href":"https:\/\/api.w.org\/{rel}","templated":true}]}}